{"id":15,"date":"2025-05-12T21:25:43","date_gmt":"2025-05-12T19:25:43","guid":{"rendered":"https:\/\/www.notreguerre.com\/?page_id=15"},"modified":"2025-06-30T11:27:06","modified_gmt":"2025-06-30T09:27:06","slug":"accueil","status":"publish","type":"page","link":"https:\/\/www.notreguerre.com\/","title":{"rendered":"Notre Guerre"},"content":{"rendered":"\n<p><strong><a href=\"https:\/\/www.france.tv\/documentaires\/documentaires-societe\/7248026-notre-guerre.html\" data-type=\"link\" data-id=\"https:\/\/www.france.tv\/documentaires\/documentaires-societe\/7248026-notre-guerre.html\" target=\"_blank\" rel=\"noreferrer noopener\">Actuellement disponible en replay sur france.tv<\/a><\/strong><\/p>\n\n\n\n<p><span style=\"text-decoration: underline;\">Auteur :<\/span> Bernard-Henri L\u00e9vy<\/p>\n\n\n\n<p><span style=\"text-decoration: underline;\">R\u00e9alisation :<\/span> Bernard Henri L\u00e9vy et Marc Roussel<\/p>\n\n\n\n<p><span style=\"text-decoration: underline;\">Une production :<\/span> A Prime Group &amp; Dominique Ambiel<\/p>\n\n\n\n<p><span style=\"text-decoration: underline;\">Avec la participation de :<\/span> France T\u00e9l\u00e9visions<\/p>\n\n\n\n<p><span style=\"text-decoration: underline;\">Produit par :<\/span> Emily Hamilton<\/p>\n\n\n\n<p><span style=\"text-decoration: underline;\">Avec :<\/span> Gilles Hertzog et Serge Osipenko<\/p>\n\n\n\n<p><span style=\"text-decoration: underline;\">En partenariat avec :<\/span> La R\u00e8gle du Jeu et Infeatures Story Production<\/p>\n\n\n\n<p><span style=\"text-decoration: underline;\">Image :<\/span> Marc Roussel et Nestor Bondarenko<\/p>\n\n\n\n<p><span style=\"text-decoration: underline;\">Montage :<\/span> Sarah Roussel<\/p>\n\n\n\n<p><span style=\"text-decoration: underline;\">Musique originale :<\/span> Slava Vakarchuk<\/p>\n\n\n\n<p><span style=\"text-decoration: underline;\">Genre :<\/span> Documentaire<\/p>\n","protected":false},"excerpt":{"rendered":"<p>Actuellement disponible en replay sur france.tv Auteur : Bernard-Henri L\u00e9vy R\u00e9alisation : Bernard Henri L\u00e9vy et Marc Roussel Une production : A Prime Group &amp; Dominique Ambiel Avec la participation de : France T\u00e9l\u00e9visions Produit par : Emily Hamilton Avec : Gilles Hertzog et Serge Osipenko En partenariat avec : La R\u00e8gle du Jeu et &hellip; <\/p>\n<p class=\"link-more\"><a href=\"https:\/\/www.notreguerre.com\/\" class=\"more-link\">Continuer la lecture<span class=\"screen-reader-text\"> de &laquo;&nbsp;Notre Guerre&nbsp;&raquo;<\/span><\/a><\/p>\n","protected":false},"author":1,"featured_media":0,"parent":0,"menu_order":0,"comment_status":"closed","ping_status":"closed","template":"","meta":{"ngg_post_thumbnail":0,"footnotes":""},"class_list":["post-15","page","type-page","status-publish","hentry"],"jetpack_sharing_enabled":true,"_links":{"self":[{"href":"https:\/\/www.notreguerre.com\/index.php\/wp-json\/wp\/v2\/pages\/15","targetHints":{"allow":["GET"]}}],"collection":[{"href":"https:\/\/www.notreguerre.com\/index.php\/wp-json\/wp\/v2\/pages"}],"about":[{"href":"https:\/\/www.notreguerre.com\/index.php\/wp-json\/wp\/v2\/types\/page"}],"author":[{"embeddable":true,"href":"https:\/\/www.notreguerre.com\/index.php\/wp-json\/wp\/v2\/users\/1"}],"replies":[{"embeddable":true,"href":"https:\/\/www.notreguerre.com\/index.php\/wp-json\/wp\/v2\/comments?post=15"}],"version-history":[{"count":8,"href":"https:\/\/www.notreguerre.com\/index.php\/wp-json\/wp\/v2\/pages\/15\/revisions"}],"predecessor-version":[{"id":128,"href":"https:\/\/www.notreguerre.com\/index.php\/wp-json\/wp\/v2\/pages\/15\/revisions\/128"}],"wp:attachment":[{"href":"https:\/\/www.notreguerre.com\/index.php\/wp-json\/wp\/v2\/media?parent=15"}],"curies":[{"name":"wp","href":"https:\/\/api.w.org\/{rel}","templated":true}]}}